{"id":101,"date":"2023-05-23T01:43:59","date_gmt":"2023-05-23T01:43:59","guid":{"rendered":"http:\/\/grupogcl.net.previewc75.carrierzone.com\/?page_id=101"},"modified":"2023-06-15T21:21:03","modified_gmt":"2023-06-15T21:21:03","slug":"juridica-gcl-sas","status":"publish","type":"page","link":"http:\/\/grupogcl.net.previewc75.carrierzone.com\/?page_id=101","title":{"rendered":"Juridica GCL"},"content":{"rendered":"\t\t<div data-elementor-type=\"wp-page\" data-elementor-id=\"101\" class=\"elementor elementor-101\">\n\t\t\t\t\t\t\t\t\t<section class=\"elementor-section elementor-top-section elementor-element elementor-element-15398db elementor-section-boxed elementor-section-height-default elementor-section-height-default\" data-id=\"15398db\" data-element_type=\"section\">\n\t\t\t\t\t\t<div class=\"elementor-container elementor-column-gap-default\">\n\t\t\t\t\t<div class=\"elementor-column elementor-col-100 elementor-top-column elementor-element elementor-element-e73a7de\" data-id=\"e73a7de\" data-element_type=\"column\">\n\t\t\t<div class=\"elementor-widget-wrap elementor-element-populated\">\n\t\t\t\t\t\t\t\t<div class=\"elementor-element elementor-element-684bddb elementor-widget__width-initial elementor-widget elementor-widget-image\" data-id=\"684bddb\" data-element_type=\"widget\" data-widget_type=\"image.default\">\n\t\t\t\t<div class=\"elementor-widget-container\">\n\t\t\t<style>\/*! elementor - v3.13.3 - 28-05-2023 *\/\n.elementor-widget-image{text-align:center}.elementor-widget-image a{display:inline-block}.elementor-widget-image a img[src$=\".svg\"]{width:48px}.elementor-widget-image img{vertical-align:middle;display:inline-block}<\/style>\t\t\t\t\t\t\t\t\t\t\t\t<img loading=\"lazy\" decoding=\"async\" width=\"2560\" height=\"1280\" src=\"http:\/\/grupogcl.net.previewc75.carrierzone.com\/wp-content\/uploads\/2023\/05\/concepto-equipo-paisaje-urbano-reunion-discusion-gente-negocios-silueta-scaled.jpeg\" class=\"attachment-full size-full wp-image-107\" alt=\"\" srcset=\"http:\/\/grupogcl.net.previewc75.carrierzone.com\/wp-content\/uploads\/2023\/05\/concepto-equipo-paisaje-urbano-reunion-discusion-gente-negocios-silueta-scaled.jpeg 2560w, http:\/\/grupogcl.net.previewc75.carrierzone.com\/wp-content\/uploads\/2023\/05\/concepto-equipo-paisaje-urbano-reunion-discusion-gente-negocios-silueta-300x150.jpeg 300w, http:\/\/grupogcl.net.previewc75.carrierzone.com\/wp-content\/uploads\/2023\/05\/concepto-equipo-paisaje-urbano-reunion-discusion-gente-negocios-silueta-1024x512.jpeg 1024w, http:\/\/grupogcl.net.previewc75.carrierzone.com\/wp-content\/uploads\/2023\/05\/concepto-equipo-paisaje-urbano-reunion-discusion-gente-negocios-silueta-768x384.jpeg 768w, http:\/\/grupogcl.net.previewc75.carrierzone.com\/wp-content\/uploads\/2023\/05\/concepto-equipo-paisaje-urbano-reunion-discusion-gente-negocios-silueta-1536x768.jpeg 1536w, http:\/\/grupogcl.net.previewc75.carrierzone.com\/wp-content\/uploads\/2023\/05\/concepto-equipo-paisaje-urbano-reunion-discusion-gente-negocios-silueta-2048x1024.jpeg 2048w\" sizes=\"auto, (max-width: 2560px) 100vw, 2560px\" \/>\t\t\t\t\t\t\t\t\t\t\t\t\t\t\t<\/div>\n\t\t\t\t<\/div>\n\t\t\t\t\t<\/div>\n\t\t<\/div>\n\t\t\t\t\t\t\t<\/div>\n\t\t<\/section>\n\t\t\t\t<section class=\"elementor-section elementor-top-section elementor-element elementor-element-5f57eec elementor-section-boxed elementor-section-height-default elementor-section-height-default\" data-id=\"5f57eec\" data-element_type=\"section\">\n\t\t\t\t\t\t<div class=\"elementor-container elementor-column-gap-default\">\n\t\t\t\t\t<div class=\"elementor-column elementor-col-100 elementor-top-column elementor-element elementor-element-da1e7f0\" data-id=\"da1e7f0\" data-element_type=\"column\">\n\t\t\t<div class=\"elementor-widget-wrap elementor-element-populated\">\n\t\t\t\t\t\t\t\t<div class=\"elementor-element elementor-element-2a23a2b elementor-widget elementor-widget-heading\" data-id=\"2a23a2b\" data-element_type=\"widget\" data-widget_type=\"heading.default\">\n\t\t\t\t<div class=\"elementor-widget-container\">\n\t\t\t<style>\/*! elementor - v3.13.3 - 28-05-2023 *\/\n.elementor-heading-title{padding:0;margin:0;line-height:1}.elementor-widget-heading .elementor-heading-title[class*=elementor-size-]>a{color:inherit;font-size:inherit;line-height:inherit}.elementor-widget-heading .elementor-heading-title.elementor-size-small{font-size:15px}.elementor-widget-heading .elementor-heading-title.elementor-size-medium{font-size:19px}.elementor-widget-heading .elementor-heading-title.elementor-size-large{font-size:29px}.elementor-widget-heading .elementor-heading-title.elementor-size-xl{font-size:39px}.elementor-widget-heading .elementor-heading-title.elementor-size-xxl{font-size:59px}<\/style><h2 class=\"elementor-heading-title elementor-size-default\">Corporaci\u00f3n Jur\u00eddica GCL SAS<\/h2>\t\t<\/div>\n\t\t\t\t<\/div>\n\t\t\t\t\t<\/div>\n\t\t<\/div>\n\t\t\t\t\t\t\t<\/div>\n\t\t<\/section>\n\t\t\t\t<section class=\"elementor-section elementor-top-section elementor-element elementor-element-d7d3bc7 elementor-section-boxed elementor-section-height-default elementor-section-height-default\" data-id=\"d7d3bc7\" data-element_type=\"section\">\n\t\t\t\t\t\t<div class=\"elementor-container elementor-column-gap-default\">\n\t\t\t\t\t<div class=\"elementor-column elementor-col-100 elementor-top-column elementor-element elementor-element-07aee1e\" data-id=\"07aee1e\" data-element_type=\"column\">\n\t\t\t<div class=\"elementor-widget-wrap elementor-element-populated\">\n\t\t\t\t\t\t\t\t<div class=\"elementor-element elementor-element-20fb59c elementor-widget__width-initial elementor-widget elementor-widget-text-editor\" data-id=\"20fb59c\" data-element_type=\"widget\" data-widget_type=\"text-editor.default\">\n\t\t\t\t<div class=\"elementor-widget-container\">\n\t\t\t<style>\/*! elementor - v3.13.3 - 28-05-2023 *\/\n.elementor-widget-text-editor.elementor-drop-cap-view-stacked .elementor-drop-cap{background-color:#69727d;color:#fff}.elementor-widget-text-editor.elementor-drop-cap-view-framed .elementor-drop-cap{color:#69727d;border:3px solid;background-color:transparent}.elementor-widget-text-editor:not(.elementor-drop-cap-view-default) .elementor-drop-cap{margin-top:8px}.elementor-widget-text-editor:not(.elementor-drop-cap-view-default) .elementor-drop-cap-letter{width:1em;height:1em}.elementor-widget-text-editor .elementor-drop-cap{float:left;text-align:center;line-height:1;font-size:50px}.elementor-widget-text-editor .elementor-drop-cap-letter{display:inline-block}<\/style>\t\t\t\t<p>Nuestra firma de abogados cuenta con m\u00e1s de 10 a\u00f1os de experiencia en las diferentes \u00e1reas del derecho en los campos del derecho Laboral, Familia, civil, comercial, penal, administrativo y notarial al servicio de nuestros clientes. Contamos con nuestra propia infraestructura, con un excelente grupo de profesionales, que nos permite competir y cumplir a satisfacci\u00f3n cada una de sus necesidades en t\u00e9rminos de calidad, oportunidad y costo.<\/p><p>Entre sus principales servicios est\u00e1 el <strong>cobro de cartera, cobro de indemnizaciones por accidentes de tr\u00e1nsito, divorcios, sucesiones,<\/strong> procesos para obtener la pensi\u00f3n, entre otros.<\/p>\t\t\t\t\t\t<\/div>\n\t\t\t\t<\/div>\n\t\t\t\t\t<\/div>\n\t\t<\/div>\n\t\t\t\t\t\t\t<\/div>\n\t\t<\/section>\n\t\t\t\t\t\t\t<\/div>\n\t\t","protected":false},"excerpt":{"rendered":"<p>Corporaci\u00f3n Jur\u00eddica GCL SAS Nuestra firma de abogados cuenta con m\u00e1s de 10 a\u00f1os de experiencia en las diferentes \u00e1reas del derecho en los campos del derecho Laboral, Familia, civil, comercial, penal, administrativo y notarial al servicio de nuestros clientes. Contamos con nuestra propia infraestructura, con un excelente grupo de profesionales, que nos permite competir &hellip;<\/p>\n<p class=\"read-more\"> <a class=\"\" href=\"http:\/\/grupogcl.net.previewc75.carrierzone.com\/?page_id=101\"> <span class=\"screen-reader-text\">Juridica GCL<\/span> Read More &raquo;<\/a><\/p>\n","protected":false},"author":1,"featured_media":0,"parent":0,"menu_order":0,"comment_status":"closed","ping_status":"closed","template":"","meta":{"site-sidebar-layout":"no-sidebar","site-content-layout":"page-builder","ast-global-header-display":"","ast-banner-title-visibility":"","ast-main-header-display":"","ast-hfb-above-header-display":"","ast-hfb-below-header-display":"","ast-hfb-mobile-header-display":"","site-post-title":"disabled","ast-breadcrumbs-content":"","ast-featured-img":"disabled","footer-sml-layout":"","theme-transparent-header-meta":"","adv-header-id-meta":"","stick-header-meta":"","header-above-stick-meta":"","header-main-stick-meta":"","header-below-stick-meta":"","footnotes":""},"class_list":["post-101","page","type-page","status-publish","hentry"],"_links":{"self":[{"href":"http:\/\/grupogcl.net.previewc75.carrierzone.com\/index.php?rest_route=\/wp\/v2\/pages\/101","targetHints":{"allow":["GET"]}}],"collection":[{"href":"http:\/\/grupogcl.net.previewc75.carrierzone.com\/index.php?rest_route=\/wp\/v2\/pages"}],"about":[{"href":"http:\/\/grupogcl.net.previewc75.carrierzone.com\/index.php?rest_route=\/wp\/v2\/types\/page"}],"author":[{"embeddable":true,"href":"http:\/\/grupogcl.net.previewc75.carrierzone.com\/index.php?rest_route=\/wp\/v2\/users\/1"}],"replies":[{"embeddable":true,"href":"http:\/\/grupogcl.net.previewc75.carrierzone.com\/index.php?rest_route=%2Fwp%2Fv2%2Fcomments&post=101"}],"version-history":[{"count":8,"href":"http:\/\/grupogcl.net.previewc75.carrierzone.com\/index.php?rest_route=\/wp\/v2\/pages\/101\/revisions"}],"predecessor-version":[{"id":498,"href":"http:\/\/grupogcl.net.previewc75.carrierzone.com\/index.php?rest_route=\/wp\/v2\/pages\/101\/revisions\/498"}],"wp:attachment":[{"href":"http:\/\/grupogcl.net.previewc75.carrierzone.com\/index.php?rest_route=%2Fwp%2Fv2%2Fmedia&parent=101"}],"curies":[{"name":"wp","href":"https:\/\/api.w.org\/{rel}","templated":true}]}}