{"id":18,"date":"2023-05-22T22:43:15","date_gmt":"2023-05-22T22:43:15","guid":{"rendered":"http:\/\/grupogcl.net.previewc75.carrierzone.com\/?page_id=18"},"modified":"2023-06-15T22:26:12","modified_gmt":"2023-06-15T22:26:12","slug":"constructora-innovar-gcl-sas","status":"publish","type":"page","link":"http:\/\/grupogcl.net.previewc75.carrierzone.com\/?page_id=18","title":{"rendered":"Constructora Innovar GCL SAS"},"content":{"rendered":"\t\t<div data-elementor-type=\"wp-page\" data-elementor-id=\"18\" class=\"elementor elementor-18\">\n\t\t\t\t\t\t\t\t\t<section class=\"elementor-section elementor-top-section elementor-element elementor-element-84fd48a elementor-section-boxed elementor-section-height-default elementor-section-height-default\" data-id=\"84fd48a\" data-element_type=\"section\">\n\t\t\t\t\t\t<div class=\"elementor-container elementor-column-gap-default\">\n\t\t\t\t\t<div class=\"elementor-column elementor-col-100 elementor-top-column elementor-element elementor-element-7b6dc42\" data-id=\"7b6dc42\" data-element_type=\"column\">\n\t\t\t<div class=\"elementor-widget-wrap elementor-element-populated\">\n\t\t\t\t\t\t\t\t<div class=\"elementor-element elementor-element-3ad7581 elementor-widget elementor-widget-spacer\" data-id=\"3ad7581\" data-element_type=\"widget\" data-widget_type=\"spacer.default\">\n\t\t\t\t<div class=\"elementor-widget-container\">\n\t\t\t<style>\/*! elementor - v3.13.3 - 28-05-2023 *\/\n.elementor-column .elementor-spacer-inner{height:var(--spacer-size)}.e-con{--container-widget-width:100%}.e-con-inner>.elementor-widget-spacer,.e-con>.elementor-widget-spacer{width:var(--container-widget-width,var(--spacer-size));--align-self:var(--container-widget-align-self,initial);--flex-shrink:0}.e-con-inner>.elementor-widget-spacer>.elementor-widget-container,.e-con-inner>.elementor-widget-spacer>.elementor-widget-container>.elementor-spacer,.e-con>.elementor-widget-spacer>.elementor-widget-container,.e-con>.elementor-widget-spacer>.elementor-widget-container>.elementor-spacer{height:100%}.e-con-inner>.elementor-widget-spacer>.elementor-widget-container>.elementor-spacer>.elementor-spacer-inner,.e-con>.elementor-widget-spacer>.elementor-widget-container>.elementor-spacer>.elementor-spacer-inner{height:var(--container-widget-height,var(--spacer-size))}<\/style>\t\t<div class=\"elementor-spacer\">\n\t\t\t<div class=\"elementor-spacer-inner\"><\/div>\n\t\t<\/div>\n\t\t\t\t<\/div>\n\t\t\t\t<\/div>\n\t\t\t\t\t<\/div>\n\t\t<\/div>\n\t\t\t\t\t\t\t<\/div>\n\t\t<\/section>\n\t\t\t\t<section class=\"elementor-section elementor-top-section elementor-element elementor-element-e26b6a0 elementor-section-boxed elementor-section-height-default elementor-section-height-default\" data-id=\"e26b6a0\" data-element_type=\"section\">\n\t\t\t\t\t\t<div class=\"elementor-container elementor-column-gap-default\">\n\t\t\t\t\t<div class=\"elementor-column elementor-col-33 elementor-top-column elementor-element elementor-element-ecdd6bd\" data-id=\"ecdd6bd\" data-element_type=\"column\">\n\t\t\t<div class=\"elementor-widget-wrap elementor-element-populated\">\n\t\t\t\t\t\t\t\t<div class=\"elementor-element elementor-element-4a549e5 elementor-widget elementor-widget-text-editor\" data-id=\"4a549e5\" data-element_type=\"widget\" data-widget_type=\"text-editor.default\">\n\t\t\t\t<div class=\"elementor-widget-container\">\n\t\t\t<style>\/*! elementor - v3.13.3 - 28-05-2023 *\/\n.elementor-widget-text-editor.elementor-drop-cap-view-stacked .elementor-drop-cap{background-color:#69727d;color:#fff}.elementor-widget-text-editor.elementor-drop-cap-view-framed .elementor-drop-cap{color:#69727d;border:3px solid;background-color:transparent}.elementor-widget-text-editor:not(.elementor-drop-cap-view-default) .elementor-drop-cap{margin-top:8px}.elementor-widget-text-editor:not(.elementor-drop-cap-view-default) .elementor-drop-cap-letter{width:1em;height:1em}.elementor-widget-text-editor .elementor-drop-cap{float:left;text-align:center;line-height:1;font-size:50px}.elementor-widget-text-editor .elementor-drop-cap-letter{display:inline-block}<\/style>\t\t\t\t<p>Somos una empresa <strong>l\u00edder en promoci\u00f3n, gerencia, venta y construcci\u00f3n de proyectos de vivienda<\/strong>, con la mejor calidad en el sector de Construcci\u00f3n e Infraestructura, aplicando buenas pr\u00e1cticas y habilidades distintivas en su gesti\u00f3n, ha desarrollado proyectos de vivienda, proyectos de comercio, edificaciones para oficinas y educaci\u00f3n.\u00a0<\/p><p>Realizamos la administraci\u00f3n de inmuebles sometidos a propiedad horizontal, y arrendamiento de locales comerciales y vivienda urbana.<\/p><p>As\u00ed mismo somos intermediarios en la compraventa de inmuebles urbanos y rurales, con el acompa\u00f1amiento de juristas expertos del grupo empresarial.<\/p>\t\t\t\t\t\t<\/div>\n\t\t\t\t<\/div>\n\t\t\t\t\t<\/div>\n\t\t<\/div>\n\t\t\t\t<div class=\"elementor-column elementor-col-66 elementor-top-column elementor-element elementor-element-5ae85fb\" data-id=\"5ae85fb\" data-element_type=\"column\">\n\t\t\t<div class=\"elementor-widget-wrap elementor-element-populated\">\n\t\t\t\t\t\t\t\t<div class=\"elementor-element elementor-element-7997beb elementor-widget elementor-widget-image\" data-id=\"7997beb\" data-element_type=\"widget\" data-widget_type=\"image.default\">\n\t\t\t\t<div class=\"elementor-widget-container\">\n\t\t\t<style>\/*! elementor - v3.13.3 - 28-05-2023 *\/\n.elementor-widget-image{text-align:center}.elementor-widget-image a{display:inline-block}.elementor-widget-image a img[src$=\".svg\"]{width:48px}.elementor-widget-image img{vertical-align:middle;display:inline-block}<\/style>\t\t\t\t\t\t\t\t\t\t\t\t<img loading=\"lazy\" decoding=\"async\" width=\"1024\" height=\"685\" src=\"http:\/\/grupogcl.net.previewc75.carrierzone.com\/wp-content\/uploads\/2023\/05\/construccion-central-electrica-1024x685.jpeg\" class=\"attachment-large size-large wp-image-112\" alt=\"\" srcset=\"http:\/\/grupogcl.net.previewc75.carrierzone.com\/wp-content\/uploads\/2023\/05\/construccion-central-electrica-1024x685.jpeg 1024w, http:\/\/grupogcl.net.previewc75.carrierzone.com\/wp-content\/uploads\/2023\/05\/construccion-central-electrica-300x201.jpeg 300w, http:\/\/grupogcl.net.previewc75.carrierzone.com\/wp-content\/uploads\/2023\/05\/construccion-central-electrica-768x513.jpeg 768w, http:\/\/grupogcl.net.previewc75.carrierzone.com\/wp-content\/uploads\/2023\/05\/construccion-central-electrica-1536x1027.jpeg 1536w, http:\/\/grupogcl.net.previewc75.carrierzone.com\/wp-content\/uploads\/2023\/05\/construccion-central-electrica-2048x1369.jpeg 2048w\" sizes=\"auto, (max-width: 1024px) 100vw, 1024px\" \/>\t\t\t\t\t\t\t\t\t\t\t\t\t\t\t<\/div>\n\t\t\t\t<\/div>\n\t\t\t\t\t<\/div>\n\t\t<\/div>\n\t\t\t\t\t\t\t<\/div>\n\t\t<\/section>\n\t\t\t\t<section class=\"elementor-section elementor-top-section elementor-element elementor-element-6f99857 elementor-section-boxed elementor-section-height-default elementor-section-height-default\" data-id=\"6f99857\" data-element_type=\"section\">\n\t\t\t\t\t\t<div class=\"elementor-container elementor-column-gap-default\">\n\t\t\t\t\t<div class=\"elementor-column elementor-col-100 elementor-top-column elementor-element elementor-element-4728622\" data-id=\"4728622\" data-element_type=\"column\">\n\t\t\t<div class=\"elementor-widget-wrap elementor-element-populated\">\n\t\t\t\t\t\t\t\t<div class=\"elementor-element elementor-element-eded3f8 elementor-widget elementor-widget-spacer\" data-id=\"eded3f8\" data-element_type=\"widget\" data-widget_type=\"spacer.default\">\n\t\t\t\t<div class=\"elementor-widget-container\">\n\t\t\t\t\t<div class=\"elementor-spacer\">\n\t\t\t<div class=\"elementor-spacer-inner\"><\/div>\n\t\t<\/div>\n\t\t\t\t<\/div>\n\t\t\t\t<\/div>\n\t\t\t\t\t<\/div>\n\t\t<\/div>\n\t\t\t\t\t\t\t<\/div>\n\t\t<\/section>\n\t\t\t\t\t\t\t<\/div>\n\t\t","protected":false},"excerpt":{"rendered":"<p>Somos una empresa l\u00edder en promoci\u00f3n, gerencia, venta y construcci\u00f3n de proyectos de vivienda, con la mejor calidad en el sector de Construcci\u00f3n e Infraestructura, aplicando buenas pr\u00e1cticas y habilidades distintivas en su gesti\u00f3n, ha desarrollado proyectos de vivienda, proyectos de comercio, edificaciones para oficinas y educaci\u00f3n.\u00a0 Realizamos la administraci\u00f3n de inmuebles sometidos a propiedad &hellip;<\/p>\n<p class=\"read-more\"> <a class=\"\" href=\"http:\/\/grupogcl.net.previewc75.carrierzone.com\/?page_id=18\"> <span class=\"screen-reader-text\">Constructora Innovar GCL SAS<\/span> Read More &raquo;<\/a><\/p>\n","protected":false},"author":1,"featured_media":0,"parent":0,"menu_order":0,"comment_status":"closed","ping_status":"closed","template":"","meta":{"site-sidebar-layout":"no-sidebar","site-content-layout":"page-builder","ast-global-header-display":"","ast-banner-title-visibility":"","ast-main-header-display":"","ast-hfb-above-header-display":"","ast-hfb-below-header-display":"","ast-hfb-mobile-header-display":"","site-post-title":"disabled","ast-breadcrumbs-content":"","ast-featured-img":"disabled","footer-sml-layout":"","theme-transparent-header-meta":"","adv-header-id-meta":"","stick-header-meta":"","header-above-stick-meta":"","header-main-stick-meta":"","header-below-stick-meta":"","footnotes":""},"class_list":["post-18","page","type-page","status-publish","hentry"],"_links":{"self":[{"href":"http:\/\/grupogcl.net.previewc75.carrierzone.com\/index.php?rest_route=\/wp\/v2\/pages\/18","targetHints":{"allow":["GET"]}}],"collection":[{"href":"http:\/\/grupogcl.net.previewc75.carrierzone.com\/index.php?rest_route=\/wp\/v2\/pages"}],"about":[{"href":"http:\/\/grupogcl.net.previewc75.carrierzone.com\/index.php?rest_route=\/wp\/v2\/types\/page"}],"author":[{"embeddable":true,"href":"http:\/\/grupogcl.net.previewc75.carrierzone.com\/index.php?rest_route=\/wp\/v2\/users\/1"}],"replies":[{"embeddable":true,"href":"http:\/\/grupogcl.net.previewc75.carrierzone.com\/index.php?rest_route=%2Fwp%2Fv2%2Fcomments&post=18"}],"version-history":[{"count":19,"href":"http:\/\/grupogcl.net.previewc75.carrierzone.com\/index.php?rest_route=\/wp\/v2\/pages\/18\/revisions"}],"predecessor-version":[{"id":558,"href":"http:\/\/grupogcl.net.previewc75.carrierzone.com\/index.php?rest_route=\/wp\/v2\/pages\/18\/revisions\/558"}],"wp:attachment":[{"href":"http:\/\/grupogcl.net.previewc75.carrierzone.com\/index.php?rest_route=%2Fwp%2Fv2%2Fmedia&parent=18"}],"curies":[{"name":"wp","href":"https:\/\/api.w.org\/{rel}","templated":true}]}}