{"id":191,"date":"2023-06-13T02:12:01","date_gmt":"2023-06-13T02:12:01","guid":{"rendered":"http:\/\/grupogcl.net.previewc75.carrierzone.com\/?page_id=191"},"modified":"2023-06-15T22:32:28","modified_gmt":"2023-06-15T22:32:28","slug":"asesorias","status":"publish","type":"page","link":"http:\/\/grupogcl.net.previewc75.carrierzone.com\/?page_id=191","title":{"rendered":"Asesor\u00edas"},"content":{"rendered":"\t\t<div data-elementor-type=\"wp-page\" data-elementor-id=\"191\" class=\"elementor elementor-191\">\n\t\t\t\t\t\t\t\t\t<section class=\"elementor-section elementor-top-section elementor-element elementor-element-9b164cd elementor-section-boxed elementor-section-height-default elementor-section-height-default\" data-id=\"9b164cd\" data-element_type=\"section\">\n\t\t\t\t\t\t<div class=\"elementor-container elementor-column-gap-default\">\n\t\t\t\t\t<div class=\"elementor-column elementor-col-100 elementor-top-column elementor-element elementor-element-e77d934\" data-id=\"e77d934\" data-element_type=\"column\">\n\t\t\t<div class=\"elementor-widget-wrap elementor-element-populated\">\n\t\t\t\t\t\t\t\t<div class=\"elementor-element elementor-element-4758bdb elementor-widget elementor-widget-spacer\" data-id=\"4758bdb\" data-element_type=\"widget\" data-widget_type=\"spacer.default\">\n\t\t\t\t<div class=\"elementor-widget-container\">\n\t\t\t<style>\/*! elementor - v3.13.3 - 28-05-2023 *\/\n.elementor-column .elementor-spacer-inner{height:var(--spacer-size)}.e-con{--container-widget-width:100%}.e-con-inner>.elementor-widget-spacer,.e-con>.elementor-widget-spacer{width:var(--container-widget-width,var(--spacer-size));--align-self:var(--container-widget-align-self,initial);--flex-shrink:0}.e-con-inner>.elementor-widget-spacer>.elementor-widget-container,.e-con-inner>.elementor-widget-spacer>.elementor-widget-container>.elementor-spacer,.e-con>.elementor-widget-spacer>.elementor-widget-container,.e-con>.elementor-widget-spacer>.elementor-widget-container>.elementor-spacer{height:100%}.e-con-inner>.elementor-widget-spacer>.elementor-widget-container>.elementor-spacer>.elementor-spacer-inner,.e-con>.elementor-widget-spacer>.elementor-widget-container>.elementor-spacer>.elementor-spacer-inner{height:var(--container-widget-height,var(--spacer-size))}<\/style>\t\t<div class=\"elementor-spacer\">\n\t\t\t<div class=\"elementor-spacer-inner\"><\/div>\n\t\t<\/div>\n\t\t\t\t<\/div>\n\t\t\t\t<\/div>\n\t\t\t\t\t<\/div>\n\t\t<\/div>\n\t\t\t\t\t\t\t<\/div>\n\t\t<\/section>\n\t\t\t\t<section class=\"elementor-section elementor-top-section elementor-element elementor-element-f379c66 elementor-section-boxed elementor-section-height-default elementor-section-height-default\" data-id=\"f379c66\" data-element_type=\"section\">\n\t\t\t\t\t\t<div class=\"elementor-container elementor-column-gap-default\">\n\t\t\t\t\t<div class=\"elementor-column elementor-col-50 elementor-top-column elementor-element elementor-element-8b1ab74\" data-id=\"8b1ab74\" data-element_type=\"column\">\n\t\t\t<div class=\"elementor-widget-wrap elementor-element-populated\">\n\t\t\t\t\t\t\t\t<div class=\"elementor-element elementor-element-628da15 elementor-widget elementor-widget-image\" data-id=\"628da15\" data-element_type=\"widget\" data-widget_type=\"image.default\">\n\t\t\t\t<div class=\"elementor-widget-container\">\n\t\t\t<style>\/*! elementor - v3.13.3 - 28-05-2023 *\/\n.elementor-widget-image{text-align:center}.elementor-widget-image a{display:inline-block}.elementor-widget-image a img[src$=\".svg\"]{width:48px}.elementor-widget-image img{vertical-align:middle;display:inline-block}<\/style>\t\t\t\t\t\t\t\t\t\t\t\t<img loading=\"lazy\" decoding=\"async\" width=\"1024\" height=\"427\" src=\"http:\/\/grupogcl.net.previewc75.carrierzone.com\/wp-content\/uploads\/2023\/06\/que-es-asesoria-empresarial-lanzatesoloelblog-1024x427.jpg\" class=\"attachment-large size-large wp-image-210\" alt=\"\" srcset=\"http:\/\/grupogcl.net.previewc75.carrierzone.com\/wp-content\/uploads\/2023\/06\/que-es-asesoria-empresarial-lanzatesoloelblog-1024x427.jpg 1024w, http:\/\/grupogcl.net.previewc75.carrierzone.com\/wp-content\/uploads\/2023\/06\/que-es-asesoria-empresarial-lanzatesoloelblog-300x125.jpg 300w, http:\/\/grupogcl.net.previewc75.carrierzone.com\/wp-content\/uploads\/2023\/06\/que-es-asesoria-empresarial-lanzatesoloelblog-768x320.jpg 768w, http:\/\/grupogcl.net.previewc75.carrierzone.com\/wp-content\/uploads\/2023\/06\/que-es-asesoria-empresarial-lanzatesoloelblog-1536x640.jpg 1536w, http:\/\/grupogcl.net.previewc75.carrierzone.com\/wp-content\/uploads\/2023\/06\/que-es-asesoria-empresarial-lanzatesoloelblog-2048x853.jpg 2048w\" sizes=\"auto, (max-width: 1024px) 100vw, 1024px\" \/>\t\t\t\t\t\t\t\t\t\t\t\t\t\t\t<\/div>\n\t\t\t\t<\/div>\n\t\t\t\t\t<\/div>\n\t\t<\/div>\n\t\t\t\t<div class=\"elementor-column elementor-col-50 elementor-top-column elementor-element elementor-element-7e4d00a\" data-id=\"7e4d00a\" data-element_type=\"column\">\n\t\t\t<div class=\"elementor-widget-wrap elementor-element-populated\">\n\t\t\t\t\t\t\t\t<div class=\"elementor-element elementor-element-6ed8c1f elementor-widget elementor-widget-heading\" data-id=\"6ed8c1f\" data-element_type=\"widget\" data-widget_type=\"heading.default\">\n\t\t\t\t<div class=\"elementor-widget-container\">\n\t\t\t<style>\/*! elementor - v3.13.3 - 28-05-2023 *\/\n.elementor-heading-title{padding:0;margin:0;line-height:1}.elementor-widget-heading .elementor-heading-title[class*=elementor-size-]>a{color:inherit;font-size:inherit;line-height:inherit}.elementor-widget-heading .elementor-heading-title.elementor-size-small{font-size:15px}.elementor-widget-heading .elementor-heading-title.elementor-size-medium{font-size:19px}.elementor-widget-heading .elementor-heading-title.elementor-size-large{font-size:29px}.elementor-widget-heading .elementor-heading-title.elementor-size-xl{font-size:39px}.elementor-widget-heading .elementor-heading-title.elementor-size-xxl{font-size:59px}<\/style><h2 class=\"elementor-heading-title elementor-size-default\">Asesor\u00eda Empresarial\n\n<\/h2>\t\t<\/div>\n\t\t\t\t<\/div>\n\t\t\t\t<div class=\"elementor-element elementor-element-cbe2c3f elementor-widget__width-initial elementor-widget elementor-widget-text-editor\" data-id=\"cbe2c3f\" data-element_type=\"widget\" data-widget_type=\"text-editor.default\">\n\t\t\t\t<div class=\"elementor-widget-container\">\n\t\t\t<style>\/*! elementor - v3.13.3 - 28-05-2023 *\/\n.elementor-widget-text-editor.elementor-drop-cap-view-stacked .elementor-drop-cap{background-color:#69727d;color:#fff}.elementor-widget-text-editor.elementor-drop-cap-view-framed .elementor-drop-cap{color:#69727d;border:3px solid;background-color:transparent}.elementor-widget-text-editor:not(.elementor-drop-cap-view-default) .elementor-drop-cap{margin-top:8px}.elementor-widget-text-editor:not(.elementor-drop-cap-view-default) .elementor-drop-cap-letter{width:1em;height:1em}.elementor-widget-text-editor .elementor-drop-cap{float:left;text-align:center;line-height:1;font-size:50px}.elementor-widget-text-editor .elementor-drop-cap-letter{display:inline-block}<\/style>\t\t\t\t<p>Representaci\u00f3n judicial en demandas y defensas laborales.<\/p><ul><li>Consultor\u00eda las 24 horas por medios Electr\u00f3nicos<\/li><li>Acompa\u00f1amiento a Citaciones del Ministerio de Trabajo y visitas de las entidades de control<\/li><li>Revisi\u00f3n y Adecuaci\u00f3n de contratos laborales y comerciales\u200b\u00a0<\/li><li>Respuesta integral a requerimientos de la UGPP en sus diferentes etapas (Requerimiento de informaci\u00f3n\/Requerimiento declarar y\/o Corregir, Liquidaci\u00f3n Oficial).<\/li><\/ul>\t\t\t\t\t\t<\/div>\n\t\t\t\t<\/div>\n\t\t\t\t\t<\/div>\n\t\t<\/div>\n\t\t\t\t\t\t\t<\/div>\n\t\t<\/section>\n\t\t\t\t<section class=\"elementor-section elementor-top-section elementor-element elementor-element-8726d79 elementor-section-boxed elementor-section-height-default elementor-section-height-default\" data-id=\"8726d79\" data-element_type=\"section\">\n\t\t\t\t\t\t<div class=\"elementor-container elementor-column-gap-default\">\n\t\t\t\t\t<div class=\"elementor-column elementor-col-50 elementor-top-column elementor-element elementor-element-36a79ad\" data-id=\"36a79ad\" data-element_type=\"column\">\n\t\t\t<div class=\"elementor-widget-wrap elementor-element-populated\">\n\t\t\t\t\t\t\t\t<div class=\"elementor-element elementor-element-39e6075 elementor-widget__width-initial elementor-widget elementor-widget-text-editor\" data-id=\"39e6075\" data-element_type=\"widget\" data-widget_type=\"text-editor.default\">\n\t\t\t\t<div class=\"elementor-widget-container\">\n\t\t\t\t\t\t\t<p><span style=\"margin: 0px; padding: 0px; border: 0px; outline: 0px; font-variant-numeric: inherit; font-variant-east-asian: inherit; font-variant-alternates: inherit; font-stretch: inherit; line-height: inherit; font-optical-sizing: inherit; font-kerning: inherit; font-feature-settings: inherit; font-variation-settings: inherit; vertical-align: baseline; font-weight: 600; text-align: justify;\">Conferencias y Capacitaciones<\/span><\/p>\t\t\t\t\t\t<\/div>\n\t\t\t\t<\/div>\n\t\t\t\t<div class=\"elementor-element elementor-element-cb36c9f elementor-widget__width-initial elementor-widget elementor-widget-text-editor\" data-id=\"cb36c9f\" data-element_type=\"widget\" data-widget_type=\"text-editor.default\">\n\t\t\t\t<div class=\"elementor-widget-container\">\n\t\t\t\t\t\t\t<p>Empresariales sobre los Asuntos Laborales. Conferencias peri\u00f3dicas en las instalaciones de la empresa, abordando temas:\u00a0formas de Vinculaci\u00f3n, requerimientos de la UGPP, Conformaci\u00f3n de Comit\u00e9 de Convivencia y Procedimiento de Acoso Laboral, Indicadores de Gesti\u00f3n de Seguridad y Salud en el Trabajo.\u00a0Capacitaci\u00f3n a sus \u00e1reas de trabajo de temas especializados sobre\u00a0Derecho Laboral y normatividad del Sistema Integral de Seguridad Social.\u00a0<\/p>\t\t\t\t\t\t<\/div>\n\t\t\t\t<\/div>\n\t\t\t\t\t<\/div>\n\t\t<\/div>\n\t\t\t\t<div class=\"elementor-column elementor-col-50 elementor-top-column elementor-element elementor-element-9345e3c\" data-id=\"9345e3c\" data-element_type=\"column\">\n\t\t\t<div class=\"elementor-widget-wrap elementor-element-populated\">\n\t\t\t\t\t\t\t\t<div class=\"elementor-element elementor-element-d597f12 elementor-widget elementor-widget-image\" data-id=\"d597f12\" data-element_type=\"widget\" data-widget_type=\"image.default\">\n\t\t\t\t<div class=\"elementor-widget-container\">\n\t\t\t\t\t\t\t\t\t\t\t\t\t\t\t<img loading=\"lazy\" decoding=\"async\" width=\"1024\" height=\"683\" src=\"http:\/\/grupogcl.net.previewc75.carrierzone.com\/wp-content\/uploads\/2023\/06\/video-conferencia-1024x683.jpg\" class=\"attachment-large size-large wp-image-214\" alt=\"\" srcset=\"http:\/\/grupogcl.net.previewc75.carrierzone.com\/wp-content\/uploads\/2023\/06\/video-conferencia-1024x683.jpg 1024w, http:\/\/grupogcl.net.previewc75.carrierzone.com\/wp-content\/uploads\/2023\/06\/video-conferencia-300x200.jpg 300w, http:\/\/grupogcl.net.previewc75.carrierzone.com\/wp-content\/uploads\/2023\/06\/video-conferencia-768x512.jpg 768w, http:\/\/grupogcl.net.previewc75.carrierzone.com\/wp-content\/uploads\/2023\/06\/video-conferencia-1536x1024.jpg 1536w, http:\/\/grupogcl.net.previewc75.carrierzone.com\/wp-content\/uploads\/2023\/06\/video-conferencia-2048x1365.jpg 2048w\" sizes=\"auto, (max-width: 1024px) 100vw, 1024px\" \/>\t\t\t\t\t\t\t\t\t\t\t\t\t\t\t<\/div>\n\t\t\t\t<\/div>\n\t\t\t\t\t<\/div>\n\t\t<\/div>\n\t\t\t\t\t\t\t<\/div>\n\t\t<\/section>\n\t\t\t\t<section class=\"elementor-section elementor-top-section elementor-element elementor-element-5ca9207 elementor-section-boxed elementor-section-height-default elementor-section-height-default\" data-id=\"5ca9207\" data-element_type=\"section\">\n\t\t\t\t\t\t<div class=\"elementor-container elementor-column-gap-default\">\n\t\t\t\t\t<div class=\"elementor-column elementor-col-100 elementor-top-column elementor-element elementor-element-572dc12\" data-id=\"572dc12\" data-element_type=\"column\">\n\t\t\t<div class=\"elementor-widget-wrap elementor-element-populated\">\n\t\t\t\t\t\t\t\t<div class=\"elementor-element elementor-element-36fcfe6 elementor-widget elementor-widget-spacer\" data-id=\"36fcfe6\" data-element_type=\"widget\" data-widget_type=\"spacer.default\">\n\t\t\t\t<div class=\"elementor-widget-container\">\n\t\t\t\t\t<div class=\"elementor-spacer\">\n\t\t\t<div class=\"elementor-spacer-inner\"><\/div>\n\t\t<\/div>\n\t\t\t\t<\/div>\n\t\t\t\t<\/div>\n\t\t\t\t\t<\/div>\n\t\t<\/div>\n\t\t\t\t\t\t\t<\/div>\n\t\t<\/section>\n\t\t\t\t\t\t\t<\/div>\n\t\t","protected":false},"excerpt":{"rendered":"<p>Asesor\u00eda Empresarial Representaci\u00f3n judicial en demandas y defensas laborales. Consultor\u00eda las 24 horas por medios Electr\u00f3nicos Acompa\u00f1amiento a Citaciones del Ministerio de Trabajo y visitas de las entidades de control Revisi\u00f3n y Adecuaci\u00f3n de contratos laborales y comerciales\u200b\u00a0 Respuesta integral a requerimientos de la UGPP en sus diferentes etapas (Requerimiento de informaci\u00f3n\/Requerimiento declarar y\/o Corregir, &hellip;<\/p>\n<p class=\"read-more\"> <a class=\"\" href=\"http:\/\/grupogcl.net.previewc75.carrierzone.com\/?page_id=191\"> <span class=\"screen-reader-text\">Asesor\u00edas<\/span> Read More &raquo;<\/a><\/p>\n","protected":false},"author":1,"featured_media":0,"parent":0,"menu_order":0,"comment_status":"closed","ping_status":"closed","template":"","meta":{"site-sidebar-layout":"no-sidebar","site-content-layout":"page-builder","ast-global-header-display":"","ast-banner-title-visibility":"","ast-main-header-display":"","ast-hfb-above-header-display":"","ast-hfb-below-header-display":"","ast-hfb-mobile-header-display":"","site-post-title":"disabled","ast-breadcrumbs-content":"","ast-featured-img":"disabled","footer-sml-layout":"","theme-transparent-header-meta":"","adv-header-id-meta":"","stick-header-meta":"","header-above-stick-meta":"","header-main-stick-meta":"","header-below-stick-meta":"","footnotes":""},"class_list":["post-191","page","type-page","status-publish","hentry"],"_links":{"self":[{"href":"http:\/\/grupogcl.net.previewc75.carrierzone.com\/index.php?rest_route=\/wp\/v2\/pages\/191","targetHints":{"allow":["GET"]}}],"collection":[{"href":"http:\/\/grupogcl.net.previewc75.carrierzone.com\/index.php?rest_route=\/wp\/v2\/pages"}],"about":[{"href":"http:\/\/grupogcl.net.previewc75.carrierzone.com\/index.php?rest_route=\/wp\/v2\/types\/page"}],"author":[{"embeddable":true,"href":"http:\/\/grupogcl.net.previewc75.carrierzone.com\/index.php?rest_route=\/wp\/v2\/users\/1"}],"replies":[{"embeddable":true,"href":"http:\/\/grupogcl.net.previewc75.carrierzone.com\/index.php?rest_route=%2Fwp%2Fv2%2Fcomments&post=191"}],"version-history":[{"count":31,"href":"http:\/\/grupogcl.net.previewc75.carrierzone.com\/index.php?rest_route=\/wp\/v2\/pages\/191\/revisions"}],"predecessor-version":[{"id":568,"href":"http:\/\/grupogcl.net.previewc75.carrierzone.com\/index.php?rest_route=\/wp\/v2\/pages\/191\/revisions\/568"}],"wp:attachment":[{"href":"http:\/\/grupogcl.net.previewc75.carrierzone.com\/index.php?rest_route=%2Fwp%2Fv2%2Fmedia&parent=191"}],"curies":[{"name":"wp","href":"https:\/\/api.w.org\/{rel}","templated":true}]}}