{"id":197,"date":"2023-06-13T02:14:50","date_gmt":"2023-06-13T02:14:50","guid":{"rendered":"http:\/\/grupogcl.net.previewc75.carrierzone.com\/?page_id=197"},"modified":"2023-06-15T23:23:08","modified_gmt":"2023-06-15T23:23:08","slug":"servicio-inmobiliario","status":"publish","type":"page","link":"http:\/\/grupogcl.net.previewc75.carrierzone.com\/?page_id=197","title":{"rendered":"Servicio Inmobiliario"},"content":{"rendered":"\t\t<div data-elementor-type=\"wp-page\" data-elementor-id=\"197\" class=\"elementor elementor-197\">\n\t\t\t\t\t\t\t\t\t<section class=\"elementor-section elementor-top-section elementor-element elementor-element-f0741ff elementor-section-boxed elementor-section-height-default elementor-section-height-default\" data-id=\"f0741ff\" data-element_type=\"section\">\n\t\t\t\t\t\t<div class=\"elementor-container elementor-column-gap-default\">\n\t\t\t\t\t<div class=\"elementor-column elementor-col-100 elementor-top-column elementor-element elementor-element-0e83365\" data-id=\"0e83365\" data-element_type=\"column\">\n\t\t\t<div class=\"elementor-widget-wrap elementor-element-populated\">\n\t\t\t\t\t\t\t\t<div class=\"elementor-element elementor-element-eadd911 elementor-widget elementor-widget-spacer\" data-id=\"eadd911\" data-element_type=\"widget\" data-widget_type=\"spacer.default\">\n\t\t\t\t<div class=\"elementor-widget-container\">\n\t\t\t<style>\/*! elementor - v3.13.3 - 28-05-2023 *\/\n.elementor-column .elementor-spacer-inner{height:var(--spacer-size)}.e-con{--container-widget-width:100%}.e-con-inner>.elementor-widget-spacer,.e-con>.elementor-widget-spacer{width:var(--container-widget-width,var(--spacer-size));--align-self:var(--container-widget-align-self,initial);--flex-shrink:0}.e-con-inner>.elementor-widget-spacer>.elementor-widget-container,.e-con-inner>.elementor-widget-spacer>.elementor-widget-container>.elementor-spacer,.e-con>.elementor-widget-spacer>.elementor-widget-container,.e-con>.elementor-widget-spacer>.elementor-widget-container>.elementor-spacer{height:100%}.e-con-inner>.elementor-widget-spacer>.elementor-widget-container>.elementor-spacer>.elementor-spacer-inner,.e-con>.elementor-widget-spacer>.elementor-widget-container>.elementor-spacer>.elementor-spacer-inner{height:var(--container-widget-height,var(--spacer-size))}<\/style>\t\t<div class=\"elementor-spacer\">\n\t\t\t<div class=\"elementor-spacer-inner\"><\/div>\n\t\t<\/div>\n\t\t\t\t<\/div>\n\t\t\t\t<\/div>\n\t\t\t\t\t<\/div>\n\t\t<\/div>\n\t\t\t\t\t\t\t<\/div>\n\t\t<\/section>\n\t\t\t\t<section class=\"elementor-section elementor-top-section elementor-element elementor-element-bb01553 elementor-section-boxed elementor-section-height-default elementor-section-height-default\" data-id=\"bb01553\" data-element_type=\"section\">\n\t\t\t\t\t\t<div class=\"elementor-container elementor-column-gap-default\">\n\t\t\t\t\t<div class=\"elementor-column elementor-col-50 elementor-top-column elementor-element elementor-element-1802c21\" data-id=\"1802c21\" data-element_type=\"column\">\n\t\t\t<div class=\"elementor-widget-wrap elementor-element-populated\">\n\t\t\t\t\t\t\t\t<div class=\"elementor-element elementor-element-bd8b59c elementor-widget elementor-widget-heading\" data-id=\"bd8b59c\" data-element_type=\"widget\" data-widget_type=\"heading.default\">\n\t\t\t\t<div class=\"elementor-widget-container\">\n\t\t\t<style>\/*! elementor - v3.13.3 - 28-05-2023 *\/\n.elementor-heading-title{padding:0;margin:0;line-height:1}.elementor-widget-heading .elementor-heading-title[class*=elementor-size-]>a{color:inherit;font-size:inherit;line-height:inherit}.elementor-widget-heading .elementor-heading-title.elementor-size-small{font-size:15px}.elementor-widget-heading .elementor-heading-title.elementor-size-medium{font-size:19px}.elementor-widget-heading .elementor-heading-title.elementor-size-large{font-size:29px}.elementor-widget-heading .elementor-heading-title.elementor-size-xl{font-size:39px}.elementor-widget-heading .elementor-heading-title.elementor-size-xxl{font-size:59px}<\/style><h2 class=\"elementor-heading-title elementor-size-default\">Compraventa de Inmuebles Urbanos y Rurales\n\n  <\/h2>\t\t<\/div>\n\t\t\t\t<\/div>\n\t\t\t\t<div class=\"elementor-element elementor-element-cbc39a1 elementor-widget elementor-widget-text-editor\" data-id=\"cbc39a1\" data-element_type=\"widget\" data-widget_type=\"text-editor.default\">\n\t\t\t\t<div class=\"elementor-widget-container\">\n\t\t\t<style>\/*! elementor - v3.13.3 - 28-05-2023 *\/\n.elementor-widget-text-editor.elementor-drop-cap-view-stacked .elementor-drop-cap{background-color:#69727d;color:#fff}.elementor-widget-text-editor.elementor-drop-cap-view-framed .elementor-drop-cap{color:#69727d;border:3px solid;background-color:transparent}.elementor-widget-text-editor:not(.elementor-drop-cap-view-default) .elementor-drop-cap{margin-top:8px}.elementor-widget-text-editor:not(.elementor-drop-cap-view-default) .elementor-drop-cap-letter{width:1em;height:1em}.elementor-widget-text-editor .elementor-drop-cap{float:left;text-align:center;line-height:1;font-size:50px}.elementor-widget-text-editor .elementor-drop-cap-letter{display:inline-block}<\/style>\t\t\t\t<p>Somos intermediarios en la compraventa de inmuebles urbanos y rurales, mediante contrato de corretaje, brindando un acompa\u00f1amiento jur\u00eddico, en miras del \u00e9xito del negocio, con los siguientes beneficios.<\/p><ul><li>Realizamos estudio de t\u00edtulos<\/li><li>Promesas de compraventa<\/li><li>Realizamos contratos de compraventa<\/li><\/ul><p>La tarifa del servicio es de 3% del valor de la venta, \u00danicamente si lo vendemos nosotros.<\/p>\t\t\t\t\t\t<\/div>\n\t\t\t\t<\/div>\n\t\t\t\t\t<\/div>\n\t\t<\/div>\n\t\t\t\t<div class=\"elementor-column elementor-col-50 elementor-top-column elementor-element elementor-element-3319368\" data-id=\"3319368\" data-element_type=\"column\">\n\t\t\t<div class=\"elementor-widget-wrap elementor-element-populated\">\n\t\t\t\t\t\t\t\t<div class=\"elementor-element elementor-element-b0b1170 elementor-widget elementor-widget-image\" data-id=\"b0b1170\" data-element_type=\"widget\" data-widget_type=\"image.default\">\n\t\t\t\t<div class=\"elementor-widget-container\">\n\t\t\t<style>\/*! elementor - v3.13.3 - 28-05-2023 *\/\n.elementor-widget-image{text-align:center}.elementor-widget-image a{display:inline-block}.elementor-widget-image a img[src$=\".svg\"]{width:48px}.elementor-widget-image img{vertical-align:middle;display:inline-block}<\/style>\t\t\t\t\t\t\t\t\t\t\t\t<img loading=\"lazy\" decoding=\"async\" width=\"1024\" height=\"535\" src=\"http:\/\/grupogcl.net.previewc75.carrierzone.com\/wp-content\/uploads\/2023\/06\/dXiSvpOdWPwevaXmhsNBR9bTSSznvbO2B3avetPp-1024x535.jpeg\" class=\"attachment-large size-large wp-image-301\" alt=\"\" srcset=\"http:\/\/grupogcl.net.previewc75.carrierzone.com\/wp-content\/uploads\/2023\/06\/dXiSvpOdWPwevaXmhsNBR9bTSSznvbO2B3avetPp-1024x535.jpeg 1024w, http:\/\/grupogcl.net.previewc75.carrierzone.com\/wp-content\/uploads\/2023\/06\/dXiSvpOdWPwevaXmhsNBR9bTSSznvbO2B3avetPp-300x157.jpeg 300w, http:\/\/grupogcl.net.previewc75.carrierzone.com\/wp-content\/uploads\/2023\/06\/dXiSvpOdWPwevaXmhsNBR9bTSSznvbO2B3avetPp-768x401.jpeg 768w, http:\/\/grupogcl.net.previewc75.carrierzone.com\/wp-content\/uploads\/2023\/06\/dXiSvpOdWPwevaXmhsNBR9bTSSznvbO2B3avetPp.jpeg 1200w\" sizes=\"auto, (max-width: 1024px) 100vw, 1024px\" \/>\t\t\t\t\t\t\t\t\t\t\t\t\t\t\t<\/div>\n\t\t\t\t<\/div>\n\t\t\t\t\t<\/div>\n\t\t<\/div>\n\t\t\t\t\t\t\t<\/div>\n\t\t<\/section>\n\t\t\t\t<section class=\"elementor-section elementor-top-section elementor-element elementor-element-4769c18 elementor-section-boxed elementor-section-height-default elementor-section-height-default\" data-id=\"4769c18\" data-element_type=\"section\">\n\t\t\t\t\t\t<div class=\"elementor-container elementor-column-gap-default\">\n\t\t\t\t\t<div class=\"elementor-column elementor-col-50 elementor-top-column elementor-element elementor-element-8c4c9af\" data-id=\"8c4c9af\" data-element_type=\"column\">\n\t\t\t<div class=\"elementor-widget-wrap elementor-element-populated\">\n\t\t\t\t\t\t\t\t<div class=\"elementor-element elementor-element-6367431 elementor-widget elementor-widget-image\" data-id=\"6367431\" data-element_type=\"widget\" data-widget_type=\"image.default\">\n\t\t\t\t<div class=\"elementor-widget-container\">\n\t\t\t\t\t\t\t\t\t\t\t\t\t\t\t<img loading=\"lazy\" decoding=\"async\" width=\"1024\" height=\"693\" src=\"http:\/\/grupogcl.net.previewc75.carrierzone.com\/wp-content\/uploads\/2023\/06\/Remates-una-buena-alternativa-para-adquirir-un-inmueble-1024x693.jpeg\" class=\"attachment-large size-large wp-image-312\" alt=\"\" srcset=\"http:\/\/grupogcl.net.previewc75.carrierzone.com\/wp-content\/uploads\/2023\/06\/Remates-una-buena-alternativa-para-adquirir-un-inmueble-1024x693.jpeg 1024w, http:\/\/grupogcl.net.previewc75.carrierzone.com\/wp-content\/uploads\/2023\/06\/Remates-una-buena-alternativa-para-adquirir-un-inmueble-300x203.jpeg 300w, http:\/\/grupogcl.net.previewc75.carrierzone.com\/wp-content\/uploads\/2023\/06\/Remates-una-buena-alternativa-para-adquirir-un-inmueble-768x520.jpeg 768w, http:\/\/grupogcl.net.previewc75.carrierzone.com\/wp-content\/uploads\/2023\/06\/Remates-una-buena-alternativa-para-adquirir-un-inmueble.jpeg 1200w\" sizes=\"auto, (max-width: 1024px) 100vw, 1024px\" \/>\t\t\t\t\t\t\t\t\t\t\t\t\t\t\t<\/div>\n\t\t\t\t<\/div>\n\t\t\t\t\t<\/div>\n\t\t<\/div>\n\t\t\t\t<div class=\"elementor-column elementor-col-50 elementor-top-column elementor-element elementor-element-518ef2e\" data-id=\"518ef2e\" data-element_type=\"column\">\n\t\t\t<div class=\"elementor-widget-wrap elementor-element-populated\">\n\t\t\t\t\t\t\t\t<div class=\"elementor-element elementor-element-3e1da4b elementor-widget elementor-widget-heading\" data-id=\"3e1da4b\" data-element_type=\"widget\" data-widget_type=\"heading.default\">\n\t\t\t\t<div class=\"elementor-widget-container\">\n\t\t\t<h2 class=\"elementor-heading-title elementor-size-default\">Remates Judiciales de Inmuebles Urbanos y Rurales<\/h2>\t\t<\/div>\n\t\t\t\t<\/div>\n\t\t\t\t<div class=\"elementor-element elementor-element-ca875b2 elementor-widget elementor-widget-text-editor\" data-id=\"ca875b2\" data-element_type=\"widget\" data-widget_type=\"text-editor.default\">\n\t\t\t\t<div class=\"elementor-widget-container\">\n\t\t\t\t\t\t\t<p>Prestamos servicios de acompa\u00f1amientos para compra de inmuebles rematados por juzgados a nivel nacional, desde la revisi\u00f3n de expedientes, as\u00ed como del inmueble y saneamiento del mismo, para proteger su inversi\u00f3n.<\/p>\t\t\t\t\t\t<\/div>\n\t\t\t\t<\/div>\n\t\t\t\t\t<\/div>\n\t\t<\/div>\n\t\t\t\t\t\t\t<\/div>\n\t\t<\/section>\n\t\t\t\t<section class=\"elementor-section elementor-top-section elementor-element elementor-element-b6f1b96 elementor-section-boxed elementor-section-height-default elementor-section-height-default\" data-id=\"b6f1b96\" data-element_type=\"section\">\n\t\t\t\t\t\t<div class=\"elementor-container elementor-column-gap-default\">\n\t\t\t\t\t<div class=\"elementor-column elementor-col-100 elementor-top-column elementor-element elementor-element-1ec6ba5\" data-id=\"1ec6ba5\" data-element_type=\"column\">\n\t\t\t<div class=\"elementor-widget-wrap elementor-element-populated\">\n\t\t\t\t\t\t\t\t<div class=\"elementor-element elementor-element-453f260 elementor-widget elementor-widget-heading\" data-id=\"453f260\" data-element_type=\"widget\" data-widget_type=\"heading.default\">\n\t\t\t\t<div class=\"elementor-widget-container\">\n\t\t\t<h2 class=\"elementor-heading-title elementor-size-default\">Solicita gratis un comparativo<\/h2>\t\t<\/div>\n\t\t\t\t<\/div>\n\t\t\t\t<div class=\"elementor-element elementor-element-b47995a elementor-widget__width-initial elementor-widget elementor-widget-text-editor\" data-id=\"b47995a\" data-element_type=\"widget\" data-widget_type=\"text-editor.default\">\n\t\t\t\t<div class=\"elementor-widget-container\">\n\t\t\t\t\t\t\t<p>Con las mejores tasas en cr\u00e9ditos hipotecarios y leasing, Solicitar cr\u00e9ditos hipotecarios en Colombia es sin\u00f3nimo de filas, largas esperas y extenuantes tr\u00e1mites de desembolso. Exige tiempo y paciencia. Mubrick \u2013 LQN gestiona cr\u00e9ditos hipotecarios o leasings de comienzo a fin, con aprobaci\u00f3n en tiempo r\u00e9cord y las tasas m\u00e1s competitivas.<\/p>\t\t\t\t\t\t<\/div>\n\t\t\t\t<\/div>\n\t\t\t\t\t<\/div>\n\t\t<\/div>\n\t\t\t\t\t\t\t<\/div>\n\t\t<\/section>\n\t\t\t\t<section class=\"elementor-section elementor-top-section elementor-element elementor-element-0429390 elementor-section-boxed elementor-section-height-default elementor-section-height-default\" data-id=\"0429390\" data-element_type=\"section\">\n\t\t\t\t\t\t<div class=\"elementor-container elementor-column-gap-default\">\n\t\t\t\t\t<div class=\"elementor-column elementor-col-100 elementor-top-column elementor-element elementor-element-f505437\" data-id=\"f505437\" data-element_type=\"column\">\n\t\t\t<div class=\"elementor-widget-wrap elementor-element-populated\">\n\t\t\t\t\t\t\t\t<div class=\"elementor-element elementor-element-b994810 elementor-widget elementor-widget-image\" data-id=\"b994810\" data-element_type=\"widget\" data-widget_type=\"image.default\">\n\t\t\t\t<div class=\"elementor-widget-container\">\n\t\t\t\t\t\t\t\t\t\t\t\t\t\t\t\t<a href=\"https:\/\/loquenecesito.co\/c\/perfilador-credito\/datos-personales\" target=\"_blank\">\n\t\t\t\t\t\t\t<img loading=\"lazy\" decoding=\"async\" width=\"920\" height=\"118\" src=\"http:\/\/grupogcl.net.previewc75.carrierzone.com\/wp-content\/uploads\/2023\/06\/Imagen-1.png\" class=\"attachment-full size-full wp-image-320\" alt=\"\" srcset=\"http:\/\/grupogcl.net.previewc75.carrierzone.com\/wp-content\/uploads\/2023\/06\/Imagen-1.png 920w, http:\/\/grupogcl.net.previewc75.carrierzone.com\/wp-content\/uploads\/2023\/06\/Imagen-1-300x38.png 300w, http:\/\/grupogcl.net.previewc75.carrierzone.com\/wp-content\/uploads\/2023\/06\/Imagen-1-768x99.png 768w\" sizes=\"auto, (max-width: 920px) 100vw, 920px\" \/>\t\t\t\t\t\t\t\t<\/a>\n\t\t\t\t\t\t\t\t\t\t\t\t\t\t\t<\/div>\n\t\t\t\t<\/div>\n\t\t\t\t\t<\/div>\n\t\t<\/div>\n\t\t\t\t\t\t\t<\/div>\n\t\t<\/section>\n\t\t\t\t<section class=\"elementor-section elementor-top-section elementor-element elementor-element-7ea8be9 elementor-section-boxed elementor-section-height-default elementor-section-height-default\" data-id=\"7ea8be9\" data-element_type=\"section\">\n\t\t\t\t\t\t<div class=\"elementor-container elementor-column-gap-default\">\n\t\t\t\t\t<div class=\"elementor-column elementor-col-100 elementor-top-column elementor-element elementor-element-e0edf4a\" data-id=\"e0edf4a\" data-element_type=\"column\">\n\t\t\t<div class=\"elementor-widget-wrap elementor-element-populated\">\n\t\t\t\t\t\t\t\t<div class=\"elementor-element elementor-element-f360085 elementor-widget elementor-widget-spacer\" data-id=\"f360085\" data-element_type=\"widget\" data-widget_type=\"spacer.default\">\n\t\t\t\t<div class=\"elementor-widget-container\">\n\t\t\t\t\t<div class=\"elementor-spacer\">\n\t\t\t<div class=\"elementor-spacer-inner\"><\/div>\n\t\t<\/div>\n\t\t\t\t<\/div>\n\t\t\t\t<\/div>\n\t\t\t\t\t<\/div>\n\t\t<\/div>\n\t\t\t\t\t\t\t<\/div>\n\t\t<\/section>\n\t\t\t\t\t\t\t<\/div>\n\t\t","protected":false},"excerpt":{"rendered":"<p>Compraventa de Inmuebles Urbanos y Rurales Somos intermediarios en la compraventa de inmuebles urbanos y rurales, mediante contrato de corretaje, brindando un acompa\u00f1amiento jur\u00eddico, en miras del \u00e9xito del negocio, con los siguientes beneficios. Realizamos estudio de t\u00edtulos Promesas de compraventa Realizamos contratos de compraventa La tarifa del servicio es de 3% del valor de &hellip;<\/p>\n<p class=\"read-more\"> <a class=\"\" href=\"http:\/\/grupogcl.net.previewc75.carrierzone.com\/?page_id=197\"> <span class=\"screen-reader-text\">Servicio Inmobiliario<\/span> Read More &raquo;<\/a><\/p>\n","protected":false},"author":1,"featured_media":0,"parent":0,"menu_order":0,"comment_status":"closed","ping_status":"closed","template":"","meta":{"site-sidebar-layout":"no-sidebar","site-content-layout":"page-builder","ast-global-header-display":"","ast-banner-title-visibility":"","ast-main-header-display":"","ast-hfb-above-header-display":"","ast-hfb-below-header-display":"","ast-hfb-mobile-header-display":"","site-post-title":"disabled","ast-breadcrumbs-content":"","ast-featured-img":"disabled","footer-sml-layout":"","theme-transparent-header-meta":"","adv-header-id-meta":"","stick-header-meta":"","header-above-stick-meta":"","header-main-stick-meta":"","header-below-stick-meta":"","footnotes":""},"class_list":["post-197","page","type-page","status-publish","hentry"],"_links":{"self":[{"href":"http:\/\/grupogcl.net.previewc75.carrierzone.com\/index.php?rest_route=\/wp\/v2\/pages\/197","targetHints":{"allow":["GET"]}}],"collection":[{"href":"http:\/\/grupogcl.net.previewc75.carrierzone.com\/index.php?rest_route=\/wp\/v2\/pages"}],"about":[{"href":"http:\/\/grupogcl.net.previewc75.carrierzone.com\/index.php?rest_route=\/wp\/v2\/types\/page"}],"author":[{"embeddable":true,"href":"http:\/\/grupogcl.net.previewc75.carrierzone.com\/index.php?rest_route=\/wp\/v2\/users\/1"}],"replies":[{"embeddable":true,"href":"http:\/\/grupogcl.net.previewc75.carrierzone.com\/index.php?rest_route=%2Fwp%2Fv2%2Fcomments&post=197"}],"version-history":[{"count":40,"href":"http:\/\/grupogcl.net.previewc75.carrierzone.com\/index.php?rest_route=\/wp\/v2\/pages\/197\/revisions"}],"predecessor-version":[{"id":590,"href":"http:\/\/grupogcl.net.previewc75.carrierzone.com\/index.php?rest_route=\/wp\/v2\/pages\/197\/revisions\/590"}],"wp:attachment":[{"href":"http:\/\/grupogcl.net.previewc75.carrierzone.com\/index.php?rest_route=%2Fwp%2Fv2%2Fmedia&parent=197"}],"curies":[{"name":"wp","href":"https:\/\/api.w.org\/{rel}","templated":true}]}}