{"id":20,"date":"2023-05-22T22:43:53","date_gmt":"2023-05-22T22:43:53","guid":{"rendered":"http:\/\/grupogcl.net.previewc75.carrierzone.com\/?page_id=20"},"modified":"2023-06-15T22:30:43","modified_gmt":"2023-06-15T22:30:43","slug":"fundacion-furams","status":"publish","type":"page","link":"http:\/\/grupogcl.net.previewc75.carrierzone.com\/?page_id=20","title":{"rendered":"Fundaci\u00f3n Furams"},"content":{"rendered":"\t\t<div data-elementor-type=\"wp-page\" data-elementor-id=\"20\" class=\"elementor elementor-20\">\n\t\t\t\t\t\t\t\t\t<section class=\"elementor-section elementor-top-section elementor-element elementor-element-660bc1b elementor-section-boxed elementor-section-height-default elementor-section-height-default\" data-id=\"660bc1b\" data-element_type=\"section\">\n\t\t\t\t\t\t<div class=\"elementor-container elementor-column-gap-default\">\n\t\t\t\t\t<div class=\"elementor-column elementor-col-100 elementor-top-column elementor-element elementor-element-8aa7135\" data-id=\"8aa7135\" data-element_type=\"column\">\n\t\t\t<div class=\"elementor-widget-wrap elementor-element-populated\">\n\t\t\t\t\t\t\t\t<div class=\"elementor-element elementor-element-bcb1802 elementor-widget elementor-widget-spacer\" data-id=\"bcb1802\" data-element_type=\"widget\" data-widget_type=\"spacer.default\">\n\t\t\t\t<div class=\"elementor-widget-container\">\n\t\t\t<style>\/*! elementor - v3.13.3 - 28-05-2023 *\/\n.elementor-column .elementor-spacer-inner{height:var(--spacer-size)}.e-con{--container-widget-width:100%}.e-con-inner>.elementor-widget-spacer,.e-con>.elementor-widget-spacer{width:var(--container-widget-width,var(--spacer-size));--align-self:var(--container-widget-align-self,initial);--flex-shrink:0}.e-con-inner>.elementor-widget-spacer>.elementor-widget-container,.e-con-inner>.elementor-widget-spacer>.elementor-widget-container>.elementor-spacer,.e-con>.elementor-widget-spacer>.elementor-widget-container,.e-con>.elementor-widget-spacer>.elementor-widget-container>.elementor-spacer{height:100%}.e-con-inner>.elementor-widget-spacer>.elementor-widget-container>.elementor-spacer>.elementor-spacer-inner,.e-con>.elementor-widget-spacer>.elementor-widget-container>.elementor-spacer>.elementor-spacer-inner{height:var(--container-widget-height,var(--spacer-size))}<\/style>\t\t<div class=\"elementor-spacer\">\n\t\t\t<div class=\"elementor-spacer-inner\"><\/div>\n\t\t<\/div>\n\t\t\t\t<\/div>\n\t\t\t\t<\/div>\n\t\t\t\t\t<\/div>\n\t\t<\/div>\n\t\t\t\t\t\t\t<\/div>\n\t\t<\/section>\n\t\t\t\t<section class=\"elementor-section elementor-top-section elementor-element elementor-element-6cd9179 elementor-section-boxed elementor-section-height-default elementor-section-height-default\" data-id=\"6cd9179\" data-element_type=\"section\">\n\t\t\t\t\t\t<div class=\"elementor-container elementor-column-gap-default\">\n\t\t\t\t\t<div class=\"elementor-column elementor-col-50 elementor-top-column elementor-element elementor-element-879c103\" data-id=\"879c103\" data-element_type=\"column\">\n\t\t\t<div class=\"elementor-widget-wrap elementor-element-populated\">\n\t\t\t\t\t\t\t\t<div class=\"elementor-element elementor-element-76052f2 elementor-widget elementor-widget-image\" data-id=\"76052f2\" data-element_type=\"widget\" data-widget_type=\"image.default\">\n\t\t\t\t<div class=\"elementor-widget-container\">\n\t\t\t<style>\/*! elementor - v3.13.3 - 28-05-2023 *\/\n.elementor-widget-image{text-align:center}.elementor-widget-image a{display:inline-block}.elementor-widget-image a img[src$=\".svg\"]{width:48px}.elementor-widget-image img{vertical-align:middle;display:inline-block}<\/style>\t\t\t\t\t\t\t\t\t\t\t\t<img loading=\"lazy\" decoding=\"async\" width=\"700\" height=\"466\" src=\"http:\/\/grupogcl.net.previewc75.carrierzone.com\/wp-content\/uploads\/2023\/06\/5-maneras-personales-para-ahorrar-agua-en-las-ciudades.jpeg\" class=\"attachment-large size-large wp-image-524\" alt=\"\" srcset=\"http:\/\/grupogcl.net.previewc75.carrierzone.com\/wp-content\/uploads\/2023\/06\/5-maneras-personales-para-ahorrar-agua-en-las-ciudades.jpeg 700w, http:\/\/grupogcl.net.previewc75.carrierzone.com\/wp-content\/uploads\/2023\/06\/5-maneras-personales-para-ahorrar-agua-en-las-ciudades-300x200.jpeg 300w\" sizes=\"auto, (max-width: 700px) 100vw, 700px\" \/>\t\t\t\t\t\t\t\t\t\t\t\t\t\t\t<\/div>\n\t\t\t\t<\/div>\n\t\t\t\t\t<\/div>\n\t\t<\/div>\n\t\t\t\t<div class=\"elementor-column elementor-col-50 elementor-top-column elementor-element elementor-element-3d01bea\" data-id=\"3d01bea\" data-element_type=\"column\">\n\t\t\t<div class=\"elementor-widget-wrap elementor-element-populated\">\n\t\t\t\t\t\t\t\t<div class=\"elementor-element elementor-element-9c08884 elementor-widget elementor-widget-heading\" data-id=\"9c08884\" data-element_type=\"widget\" data-widget_type=\"heading.default\">\n\t\t\t\t<div class=\"elementor-widget-container\">\n\t\t\t<style>\/*! elementor - v3.13.3 - 28-05-2023 *\/\n.elementor-heading-title{padding:0;margin:0;line-height:1}.elementor-widget-heading .elementor-heading-title[class*=elementor-size-]>a{color:inherit;font-size:inherit;line-height:inherit}.elementor-widget-heading .elementor-heading-title.elementor-size-small{font-size:15px}.elementor-widget-heading .elementor-heading-title.elementor-size-medium{font-size:19px}.elementor-widget-heading .elementor-heading-title.elementor-size-large{font-size:29px}.elementor-widget-heading .elementor-heading-title.elementor-size-xl{font-size:39px}.elementor-widget-heading .elementor-heading-title.elementor-size-xxl{font-size:59px}<\/style><h2 class=\"elementor-heading-title elementor-size-default\">Centro de Arbitraje y Conciliaciaci\u00f3n<\/h2>\t\t<\/div>\n\t\t\t\t<\/div>\n\t\t\t\t<div class=\"elementor-element elementor-element-14ed1a6 elementor-widget__width-initial elementor-widget elementor-widget-text-editor\" data-id=\"14ed1a6\" data-element_type=\"widget\" data-widget_type=\"text-editor.default\">\n\t\t\t\t<div class=\"elementor-widget-container\">\n\t\t\t<style>\/*! elementor - v3.13.3 - 28-05-2023 *\/\n.elementor-widget-text-editor.elementor-drop-cap-view-stacked .elementor-drop-cap{background-color:#69727d;color:#fff}.elementor-widget-text-editor.elementor-drop-cap-view-framed .elementor-drop-cap{color:#69727d;border:3px solid;background-color:transparent}.elementor-widget-text-editor:not(.elementor-drop-cap-view-default) .elementor-drop-cap{margin-top:8px}.elementor-widget-text-editor:not(.elementor-drop-cap-view-default) .elementor-drop-cap-letter{width:1em;height:1em}.elementor-widget-text-editor .elementor-drop-cap{float:left;text-align:center;line-height:1;font-size:50px}.elementor-widget-text-editor .elementor-drop-cap-letter{display:inline-block}<\/style>\t\t\t\t<p>Desde el a\u00f1o 2020, En aras a garantizar el acceso a la justicia de\u00a0<strong>todas aquellas personas vulnerables que no cuentan con recursos para costear un servicio jur\u00eddico de calidad, la fundaci\u00f3n, a trav\u00e9s de su centro de arbitraje y conciliaci\u00f3n, proporciona el recurso profesional para proteger y lograr defender los derechos de nuestros usuarios.<\/strong><\/p><p>Representamos judicialmente a las personas en condiciones de vulnerabilidad que as\u00ed lo requieran, con tarifas diferenciadas de acuerdo a la capacidad econ\u00f3mica.<\/p><p>Estos Litigios implican la intervenci\u00f3n en casos completos o que reflejan problem\u00e1ticas sociales, los cuales, una vez fallados por los juzgados y\/o Tribunales, tienen un impacto significativo en las Pol\u00edticas P\u00fablicas, leyes o comunidades.<\/p>\t\t\t\t\t\t<\/div>\n\t\t\t\t<\/div>\n\t\t\t\t\t<\/div>\n\t\t<\/div>\n\t\t\t\t\t\t\t<\/div>\n\t\t<\/section>\n\t\t\t\t<section class=\"elementor-section elementor-top-section elementor-element elementor-element-9fe4dea elementor-section-boxed elementor-section-height-default elementor-section-height-default\" data-id=\"9fe4dea\" data-element_type=\"section\">\n\t\t\t\t\t\t<div class=\"elementor-container elementor-column-gap-default\">\n\t\t\t\t\t<div class=\"elementor-column elementor-col-50 elementor-top-column elementor-element elementor-element-4ca5f06\" data-id=\"4ca5f06\" data-element_type=\"column\">\n\t\t\t<div class=\"elementor-widget-wrap elementor-element-populated\">\n\t\t\t\t\t\t\t\t<div class=\"elementor-element elementor-element-c7fccbb elementor-widget elementor-widget-heading\" data-id=\"c7fccbb\" data-element_type=\"widget\" data-widget_type=\"heading.default\">\n\t\t\t\t<div class=\"elementor-widget-container\">\n\t\t\t<h2 class=\"elementor-heading-title elementor-size-default\">Contamos Con 3 Ejes De Trabajo\n\n<\/h2>\t\t<\/div>\n\t\t\t\t<\/div>\n\t\t\t\t<div class=\"elementor-element elementor-element-0076fc8 elementor-widget elementor-widget-text-editor\" data-id=\"0076fc8\" data-element_type=\"widget\" data-widget_type=\"text-editor.default\">\n\t\t\t\t<div class=\"elementor-widget-container\">\n\t\t\t\t\t\t\t<ol><li><strong>Educaci\u00f3n en Derecho para los Colombianos,<\/strong><\/li><li><strong>Acceso a la Justicia a los m\u00e1s vulnerables, y<\/strong><\/li><li><strong>Conciliaci\u00f3n como alternativa de soluci\u00f3n a los conflictos.<\/strong><\/li><\/ol>\t\t\t\t\t\t<\/div>\n\t\t\t\t<\/div>\n\t\t\t\t\t<\/div>\n\t\t<\/div>\n\t\t\t\t<div class=\"elementor-column elementor-col-50 elementor-top-column elementor-element elementor-element-da3372e\" data-id=\"da3372e\" data-element_type=\"column\">\n\t\t\t<div class=\"elementor-widget-wrap elementor-element-populated\">\n\t\t\t\t\t\t\t\t<div class=\"elementor-element elementor-element-aa060ec elementor-widget elementor-widget-image\" data-id=\"aa060ec\" data-element_type=\"widget\" data-widget_type=\"image.default\">\n\t\t\t\t<div class=\"elementor-widget-container\">\n\t\t\t\t\t\t\t\t\t\t\t\t\t\t\t<img loading=\"lazy\" decoding=\"async\" width=\"680\" height=\"364\" src=\"http:\/\/grupogcl.net.previewc75.carrierzone.com\/wp-content\/uploads\/2023\/06\/estudiar-master-online-derecho-ambiental-espana.jpeg\" class=\"attachment-large size-large wp-image-528\" alt=\"\" srcset=\"http:\/\/grupogcl.net.previewc75.carrierzone.com\/wp-content\/uploads\/2023\/06\/estudiar-master-online-derecho-ambiental-espana.jpeg 680w, http:\/\/grupogcl.net.previewc75.carrierzone.com\/wp-content\/uploads\/2023\/06\/estudiar-master-online-derecho-ambiental-espana-300x161.jpeg 300w\" sizes=\"auto, (max-width: 680px) 100vw, 680px\" \/>\t\t\t\t\t\t\t\t\t\t\t\t\t\t\t<\/div>\n\t\t\t\t<\/div>\n\t\t\t\t\t<\/div>\n\t\t<\/div>\n\t\t\t\t\t\t\t<\/div>\n\t\t<\/section>\n\t\t\t\t<section class=\"elementor-section elementor-top-section elementor-element elementor-element-bbe5ad4 elementor-section-boxed elementor-section-height-default elementor-section-height-default\" data-id=\"bbe5ad4\" data-element_type=\"section\">\n\t\t\t\t\t\t<div class=\"elementor-container elementor-column-gap-default\">\n\t\t\t\t\t<div class=\"elementor-column elementor-col-100 elementor-top-column elementor-element elementor-element-f1faac5\" data-id=\"f1faac5\" data-element_type=\"column\">\n\t\t\t<div class=\"elementor-widget-wrap elementor-element-populated\">\n\t\t\t\t\t\t\t\t<div class=\"elementor-element elementor-element-d65eec8 elementor-widget elementor-widget-spacer\" data-id=\"d65eec8\" data-element_type=\"widget\" data-widget_type=\"spacer.default\">\n\t\t\t\t<div class=\"elementor-widget-container\">\n\t\t\t\t\t<div class=\"elementor-spacer\">\n\t\t\t<div class=\"elementor-spacer-inner\"><\/div>\n\t\t<\/div>\n\t\t\t\t<\/div>\n\t\t\t\t<\/div>\n\t\t\t\t\t<\/div>\n\t\t<\/div>\n\t\t\t\t\t\t\t<\/div>\n\t\t<\/section>\n\t\t\t\t\t\t\t<\/div>\n\t\t","protected":false},"excerpt":{"rendered":"<p>Centro de Arbitraje y Conciliaciaci\u00f3n Desde el a\u00f1o 2020, En aras a garantizar el acceso a la justicia de\u00a0todas aquellas personas vulnerables que no cuentan con recursos para costear un servicio jur\u00eddico de calidad, la fundaci\u00f3n, a trav\u00e9s de su centro de arbitraje y conciliaci\u00f3n, proporciona el recurso profesional para proteger y lograr defender los &hellip;<\/p>\n<p class=\"read-more\"> <a class=\"\" href=\"http:\/\/grupogcl.net.previewc75.carrierzone.com\/?page_id=20\"> <span class=\"screen-reader-text\">Fundaci\u00f3n Furams<\/span> Read More &raquo;<\/a><\/p>\n","protected":false},"author":1,"featured_media":0,"parent":0,"menu_order":0,"comment_status":"closed","ping_status":"closed","template":"","meta":{"site-sidebar-layout":"no-sidebar","site-content-layout":"page-builder","ast-global-header-display":"","ast-banner-title-visibility":"","ast-main-header-display":"","ast-hfb-above-header-display":"","ast-hfb-below-header-display":"","ast-hfb-mobile-header-display":"","site-post-title":"disabled","ast-breadcrumbs-content":"","ast-featured-img":"disabled","footer-sml-layout":"","theme-transparent-header-meta":"","adv-header-id-meta":"","stick-header-meta":"","header-above-stick-meta":"","header-main-stick-meta":"","header-below-stick-meta":"","footnotes":""},"class_list":["post-20","page","type-page","status-publish","hentry"],"_links":{"self":[{"href":"http:\/\/grupogcl.net.previewc75.carrierzone.com\/index.php?rest_route=\/wp\/v2\/pages\/20","targetHints":{"allow":["GET"]}}],"collection":[{"href":"http:\/\/grupogcl.net.previewc75.carrierzone.com\/index.php?rest_route=\/wp\/v2\/pages"}],"about":[{"href":"http:\/\/grupogcl.net.previewc75.carrierzone.com\/index.php?rest_route=\/wp\/v2\/types\/page"}],"author":[{"embeddable":true,"href":"http:\/\/grupogcl.net.previewc75.carrierzone.com\/index.php?rest_route=\/wp\/v2\/users\/1"}],"replies":[{"embeddable":true,"href":"http:\/\/grupogcl.net.previewc75.carrierzone.com\/index.php?rest_route=%2Fwp%2Fv2%2Fcomments&post=20"}],"version-history":[{"count":28,"href":"http:\/\/grupogcl.net.previewc75.carrierzone.com\/index.php?rest_route=\/wp\/v2\/pages\/20\/revisions"}],"predecessor-version":[{"id":565,"href":"http:\/\/grupogcl.net.previewc75.carrierzone.com\/index.php?rest_route=\/wp\/v2\/pages\/20\/revisions\/565"}],"wp:attachment":[{"href":"http:\/\/grupogcl.net.previewc75.carrierzone.com\/index.php?rest_route=%2Fwp%2Fv2%2Fmedia&parent=20"}],"curies":[{"name":"wp","href":"https:\/\/api.w.org\/{rel}","templated":true}]}}